{"id":15,"date":"2022-05-03T19:44:35","date_gmt":"2022-05-03T19:44:35","guid":{"rendered":"https:\/\/setmet.eu\/?page_id=15"},"modified":"2022-05-22T21:18:37","modified_gmt":"2022-05-22T21:18:37","slug":"o-firmie","status":"publish","type":"page","link":"https:\/\/setmet.eu\/index.php\/o-firmie\/","title":{"rendered":"O Firmie"},"content":{"rendered":"\n<h3 class=\"wp-block-heading\" style=\"font-style:normal;font-weight:200\">Firma powsta\u0142a 7 lat temu. Dzia\u0142alno\u015b\u0107 prowadzimy na terenie \u015arody Wielkopolskiej. Wsp\u00f3\u0142pracujemy z<br>klientami indywidualnymi jak i biznesowymi. Jeste\u015bmy podwykonawc\u0105 du\u017cych firm wsp\u00f3\u0142tworz\u0105c dla nich<br>m.in. barierki, znaki &#8222;stop&#8221;, palety transportowe, palety transportowe do butli z gazem, r\u00f3\u017cnego rodzaju<br>kosze do w\u00f3zk\u00f3w. Realizujemy zadania w oparciu o projekty dostarczane przez klient\u00f3w.<br><\/h3>\n\n\n\n<h3 class=\"wp-block-heading\" style=\"font-style:normal;font-weight:200\">Naszymi klientami s\u0105 r\u00f3wnie\u017c firmy zajmuj\u0105ce si\u0119 wyposa\u017caniem hal w: rega\u0142y, r\u00f3\u017cnego rodzaju barierki,<br>bramki wychylne, wygrodzenia maszyn, podesty, schody przemys\u0142owe, odbojnice, bramy przemys\u0142owe.<\/h3>\n\n\n\n<figure class=\"wp-block-image alignwide size-large is-style-default\"><img loading=\"lazy\" decoding=\"async\" width=\"1024\" height=\"388\" src=\"https:\/\/setmet.eu\/wp-content\/uploads\/2022\/05\/mapka-1024x388.png\" alt=\"\" class=\"wp-image-95\" srcset=\"https:\/\/setmet.eu\/wp-content\/uploads\/2022\/05\/mapka-1024x388.png 1024w, https:\/\/setmet.eu\/wp-content\/uploads\/2022\/05\/mapka-300x114.png 300w, https:\/\/setmet.eu\/wp-content\/uploads\/2022\/05\/mapka-768x291.png 768w, https:\/\/setmet.eu\/wp-content\/uploads\/2022\/05\/mapka.png 1031w\" sizes=\"auto, (max-width: 1024px) 100vw, 1024px\" \/><\/figure>\n","protected":false},"excerpt":{"rendered":"<p>Firma powsta\u0142a 7 lat temu. Dzia\u0142alno\u015b\u0107 prowadzimy na terenie \u015arody Wielkopolskiej. Wsp\u00f3\u0142pracujemy zklientami indywidualnymi jak i biznesowymi. Jeste\u015bmy podwykonawc\u0105 du\u017cych firm wsp\u00f3\u0142tworz\u0105c dla nichm.in. barierki,&hellip;<\/p>\n","protected":false},"author":1,"featured_media":0,"parent":0,"menu_order":0,"comment_status":"closed","ping_status":"closed","template":"","meta":{"footnotes":""},"class_list":["post-15","page","type-page","status-publish","hentry"],"_links":{"self":[{"href":"https:\/\/setmet.eu\/index.php\/wp-json\/wp\/v2\/pages\/15","targetHints":{"allow":["GET"]}}],"collection":[{"href":"https:\/\/setmet.eu\/index.php\/wp-json\/wp\/v2\/pages"}],"about":[{"href":"https:\/\/setmet.eu\/index.php\/wp-json\/wp\/v2\/types\/page"}],"author":[{"embeddable":true,"href":"https:\/\/setmet.eu\/index.php\/wp-json\/wp\/v2\/users\/1"}],"replies":[{"embeddable":true,"href":"https:\/\/setmet.eu\/index.php\/wp-json\/wp\/v2\/comments?post=15"}],"version-history":[{"count":3,"href":"https:\/\/setmet.eu\/index.php\/wp-json\/wp\/v2\/pages\/15\/revisions"}],"predecessor-version":[{"id":132,"href":"https:\/\/setmet.eu\/index.php\/wp-json\/wp\/v2\/pages\/15\/revisions\/132"}],"wp:attachment":[{"href":"https:\/\/setmet.eu\/index.php\/wp-json\/wp\/v2\/media?parent=15"}],"curies":[{"name":"wp","href":"https:\/\/api.w.org\/{rel}","templated":true}]}}