{"id":2,"date":"2022-04-19T06:01:28","date_gmt":"2022-04-19T06:01:28","guid":{"rendered":"http:\/\/setmet.eu\/?page_id=2"},"modified":"2023-05-05T05:54:04","modified_gmt":"2023-05-05T05:54:04","slug":"sample-page","status":"publish","type":"page","link":"https:\/\/setmet.eu\/","title":{"rendered":"Home"},"content":{"rendered":"\n<h2 class=\"wp-block-heading has-text-align-center\">Zapraszamy do wsp\u00f3\u0142pracy z nasz\u0105 firm\u0105.<\/h2>\n\n\n\n<h3 class=\"wp-block-heading\" style=\"font-style:normal;font-weight:200\">Firma SET-MET to kompleksowe us\u0142ugi z zakresu: spawania konstrukcji stalowych, powsta\u0142a w 2017 roku. Jeste\u015bmy firm\u0105 stale rozwijaj\u0105c\u0105 si\u0119, do ka\u017cdego zlecenia podchodzimy profesjonalnie. Dzia\u0142amy na w pe\u0142ni nowoczesnym sprz\u0119cie i maszynach. Wsp\u00f3\u0142pracujemy z wysoko wykwalifikowanym zespo\u0142em pracownik\u00f3w co gwarantuje wysok\u0105 jako\u015b\u0107 naszych us\u0142ug oraz produkt\u00f3w.<\/h3>\n\n\n<div class=\"is-default-size aligncenter wp-block-site-logo\"><a href=\"https:\/\/setmet.eu\/\" class=\"custom-logo-link\" rel=\"home\"><img loading=\"lazy\" decoding=\"async\" width=\"1149\" height=\"465\" src=\"https:\/\/setmet.eu\/wp-content\/uploads\/2022\/04\/cropped-logo-sm.png\" class=\"custom-logo\" alt=\"SET-MET S\u0142awomir Piasecki &#8211; spawanie element\u00f3w ze stali czarnej, inoks, produkcja konstrukcji spawanych Wielkopolska\" srcset=\"https:\/\/setmet.eu\/wp-content\/uploads\/2022\/04\/cropped-logo-sm.png 1149w, https:\/\/setmet.eu\/wp-content\/uploads\/2022\/04\/cropped-logo-sm-300x121.png 300w, https:\/\/setmet.eu\/wp-content\/uploads\/2022\/04\/cropped-logo-sm-1024x414.png 1024w, https:\/\/setmet.eu\/wp-content\/uploads\/2022\/04\/cropped-logo-sm-768x311.png 768w\" sizes=\"auto, (max-width: 1149px) 100vw, 1149px\" \/><\/a><\/div>\n\n\n<hr class=\"wp-block-separator has-css-opacity\"\/>\n\n\n\n<h3 class=\"wp-block-heading\" style=\"font-style:normal;font-weight:300\"><strong>G\u0142\u00f3wnym obszarem dzia\u0142alno\u015bci firmy jest spawanie konstrukcji stalowych.<\/strong><\/h3>\n\n\n\n<div class=\"wp-block-cover is-light\"><span aria-hidden=\"true\" class=\"wp-block-cover__background has-background-dim\"><\/span><img decoding=\"async\" class=\"wp-block-cover__image-background\" alt=\"Arc welding of a steel in construction site Free Photo\" src=\"https:\/\/img.freepik.com\/free-photo\/arc-welding-steel-construction-site_2831-690.jpg?t=st=1651781416~exp=1651782016~hmac=7a70c8a83d3db5682120a9efb4dc4cbb96ac3421a2ba6b2ea9fbcb9b2d31e747\" style=\"object-position:21% 0%\" data-object-fit=\"cover\" data-object-position=\"21% 0%\"\/><div class=\"wp-block-cover__inner-container is-layout-flow wp-block-cover-is-layout-flow\">\n<p><\/p>\n<\/div><\/div>\n\n\n\n<blockquote class=\"wp-block-quote is-layout-flow wp-block-quote-is-layout-flow\" style=\"font-size:26px;font-style:normal;font-weight:200\">\n<p>Nasza firma du\u017cy nacisk k\u0142adzie na wysok\u0105 jako\u015b\u0107 us\u0142ug poprzez elastyczne podej\u015bcie do realizacji zam\u00f3wie\u0144 oraz wysok\u0105 jako\u015b\u0107 wytwarzanych element\u00f3w, stosuj\u0105c odpowiednio dobrane materia\u0142y konstrukcyjne. \u015awiadczymy us\u0142ugi spawalnicze konstrukcji stalowych (w tym stal czarna, inoks) wg projekt\u00f3w klient\u00f3w m.in. bramy, ogrodzenia, schody i inne konstrukcje z profili stalowych.<\/p>\n<\/blockquote>\n","protected":false},"excerpt":{"rendered":"<p>Zapraszamy do wsp\u00f3\u0142pracy z nasz\u0105 firm\u0105. Firma SET-MET to kompleksowe us\u0142ugi z zakresu: spawania konstrukcji stalowych, powsta\u0142a w 2017 roku. Jeste\u015bmy firm\u0105 stale rozwijaj\u0105c\u0105 si\u0119,&hellip;<\/p>\n","protected":false},"author":1,"featured_media":0,"parent":0,"menu_order":0,"comment_status":"closed","ping_status":"open","template":"","meta":{"footnotes":""},"class_list":["post-2","page","type-page","status-publish","hentry"],"_links":{"self":[{"href":"https:\/\/setmet.eu\/index.php\/wp-json\/wp\/v2\/pages\/2","targetHints":{"allow":["GET"]}}],"collection":[{"href":"https:\/\/setmet.eu\/index.php\/wp-json\/wp\/v2\/pages"}],"about":[{"href":"https:\/\/setmet.eu\/index.php\/wp-json\/wp\/v2\/types\/page"}],"author":[{"embeddable":true,"href":"https:\/\/setmet.eu\/index.php\/wp-json\/wp\/v2\/users\/1"}],"replies":[{"embeddable":true,"href":"https:\/\/setmet.eu\/index.php\/wp-json\/wp\/v2\/comments?post=2"}],"version-history":[{"count":17,"href":"https:\/\/setmet.eu\/index.php\/wp-json\/wp\/v2\/pages\/2\/revisions"}],"predecessor-version":[{"id":294,"href":"https:\/\/setmet.eu\/index.php\/wp-json\/wp\/v2\/pages\/2\/revisions\/294"}],"wp:attachment":[{"href":"https:\/\/setmet.eu\/index.php\/wp-json\/wp\/v2\/media?parent=2"}],"curies":[{"name":"wp","href":"https:\/\/api.w.org\/{rel}","templated":true}]}}